{"id":2996,"date":"2020-12-14T20:13:43","date_gmt":"2021-01-24T19:37:04","guid":{"rendered":"https:\/\/riozaoil.hr\/product\/leccino-rioza-050-l\/"},"modified":"2021-02-16T17:07:57","modified_gmt":"2021-02-16T17:07:57","slug":"leccino-rioza-050-l","status":"publish","type":"product","link":"https:\/\/riozaoil.hr\/hr\/product\/leccino-rioza-050-l\/","title":{"rendered":"Leccino Rio\u017ea 0,50 L"},"content":{"rendered":"<p>[vc_row][vc_column width=&#8221;1\/6&#8243;][\/vc_column][vc_column width=&#8221;2\/3&#8243;][vc_column_text text_larger=&#8221;no&#8221;]<\/p>\n<ul>\n<li>Monosortno maslinovo ulje visoke kakvo\u0107e dobiveno izravno iz ploda masline isklju\u010divo mehani\u010dkim postupcima odmah nakon berbe<\/li>\n<li><strong>Sorta maslina:<\/strong> Leccino<\/li>\n<li><strong>Podru\u010dje uzgoja: <\/strong>Musale\u017e,\u00a0Picugi, Pore\u010d Istra<\/li>\n<li><strong>Rok trajanja:<\/strong> Najmanje 24 mjeseca od datuma proizvodnje<\/li>\n<li>\u010cuvati na mjestu udaljenom od svijetlosti i topline<\/li>\n<li>Najbolje je \u010duvati na temperaturi od 15 do 18 Celzijevih stupnjeva u originalnom pakiranju<\/li>\n<\/ul>\n<p>[\/vc_column_text][\/vc_column][vc_column width=&#8221;1\/6&#8243;][\/vc_column][\/vc_row]<\/p>\n","protected":false},"excerpt":{"rendered":"<p>Sorta podrijetlom iz\u00a0Toscane <em>(Italija)<\/em>\u00a0vrlo rasprostranjena u Istri.<br \/>\nHarmoni\u010dno i lagano ulje izvrsne kakvo\u0107e izra\u017eenoga svje\u017eega mirisa i okusa po plodu masline, zelenom bademu i divljem radi\u0107u.<br \/>\nVrlo blage gor\u010dine i pikantnosti.<\/p>\n","protected":false},"featured_media":3262,"template":"","meta":[],"yoast_head":"<!-- This site is optimized with the Yoast SEO Premium plugin v16.0.1 - https:\/\/yoast.com\/wordpress\/plugins\/seo\/ -->\n<title>Leccino Rio\u017ea 0,50 L - Rio\u017ea<\/title>\n<meta name=\"robots\" content=\"index, follow, max-snippet:-1, max-image-preview:large, max-video-preview:-1\" \/>\n<link rel=\"canonical\" href=\"https:\/\/riozaoil.hr\/hr\/product\/leccino-rioza-050-l\/\" \/>\n<meta property=\"og:locale\" content=\"hr_HR\" \/>\n<meta property=\"og:type\" content=\"article\" \/>\n<meta property=\"og:title\" content=\"Leccino Rio\u017ea 0,50 L - Rio\u017ea\" \/>\n<meta property=\"og:description\" content=\"Sorta podrijetlom iz\u00a0Toscane (Italija)\u00a0vrlo rasprostranjena u Istri. Harmoni\u010dno i lagano ulje izvrsne kakvo\u0107e izra\u017eenoga svje\u017eega mirisa i okusa po plodu masline, zelenom bademu i divljem radi\u0107u. Vrlo blage gor\u010dine i pikantnosti.\" \/>\n<meta property=\"og:url\" content=\"https:\/\/riozaoil.hr\/hr\/product\/leccino-rioza-050-l\/\" \/>\n<meta property=\"og:site_name\" content=\"Rio\u017ea\" \/>\n<meta property=\"article:modified_time\" content=\"2021-02-16T17:07:57+00:00\" \/>\n<meta property=\"og:image\" content=\"https:\/\/riozaoil.hr\/wp-content\/uploads\/2020\/12\/tran-810_5248-1.png\" \/>\n\t<meta property=\"og:image:width\" content=\"700\" \/>\n\t<meta property=\"og:image:height\" content=\"700\" \/>\n<meta name=\"twitter:card\" content=\"summary_large_image\" \/>\n<script type=\"application\/ld+json\" class=\"yoast-schema-graph\">{\"@context\":\"https:\/\/schema.org\",\"@graph\":[{\"@type\":\"WebSite\",\"@id\":\"https:\/\/riozaoil.hr\/#website\",\"url\":\"https:\/\/riozaoil.hr\/\",\"name\":\"Rio\\u017ea\",\"description\":\"Ulje\",\"potentialAction\":[{\"@type\":\"SearchAction\",\"target\":\"https:\/\/riozaoil.hr\/?s={search_term_string}\",\"query-input\":\"required name=search_term_string\"}],\"inLanguage\":\"hr\"},{\"@type\":\"ImageObject\",\"@id\":\"https:\/\/riozaoil.hr\/hr\/product\/leccino-rioza-050-l\/#primaryimage\",\"inLanguage\":\"hr\",\"url\":\"https:\/\/riozaoil.hr\/wp-content\/uploads\/2020\/12\/tran-810_5248-1.png\",\"width\":700,\"height\":700},{\"@type\":\"WebPage\",\"@id\":\"https:\/\/riozaoil.hr\/hr\/product\/leccino-rioza-050-l\/#webpage\",\"url\":\"https:\/\/riozaoil.hr\/hr\/product\/leccino-rioza-050-l\/\",\"name\":\"Leccino Rio\\u017ea 0,50 L - Rio\\u017ea\",\"isPartOf\":{\"@id\":\"https:\/\/riozaoil.hr\/#website\"},\"primaryImageOfPage\":{\"@id\":\"https:\/\/riozaoil.hr\/hr\/product\/leccino-rioza-050-l\/#primaryimage\"},\"datePublished\":\"2021-01-24T19:37:04+00:00\",\"dateModified\":\"2021-02-16T17:07:57+00:00\",\"breadcrumb\":{\"@id\":\"https:\/\/riozaoil.hr\/hr\/product\/leccino-rioza-050-l\/#breadcrumb\"},\"inLanguage\":\"hr\",\"potentialAction\":[{\"@type\":\"ReadAction\",\"target\":[\"https:\/\/riozaoil.hr\/hr\/product\/leccino-rioza-050-l\/\"]}]},{\"@type\":\"BreadcrumbList\",\"@id\":\"https:\/\/riozaoil.hr\/hr\/product\/leccino-rioza-050-l\/#breadcrumb\",\"itemListElement\":[{\"@type\":\"ListItem\",\"position\":1,\"item\":{\"@type\":\"WebPage\",\"@id\":\"https:\/\/riozaoil.hr\/hr\/\",\"url\":\"https:\/\/riozaoil.hr\/hr\/\",\"name\":\"Home\"}},{\"@type\":\"ListItem\",\"position\":2,\"item\":{\"@type\":\"WebPage\",\"@id\":\"https:\/\/riozaoil.hr\/hr\/trgovina\/\",\"url\":\"https:\/\/riozaoil.hr\/hr\/trgovina\/\",\"name\":\"Trgovina\"}},{\"@type\":\"ListItem\",\"position\":3,\"item\":{\"@type\":\"WebPage\",\"@id\":\"https:\/\/riozaoil.hr\/hr\/product\/leccino-rioza-050-l\/\",\"url\":\"https:\/\/riozaoil.hr\/hr\/product\/leccino-rioza-050-l\/\",\"name\":\"Leccino Rio\\u017ea 0,50 L\"}}]}]}<\/script>\n<!-- \/ Yoast SEO Premium plugin. -->","_links":{"self":[{"href":"https:\/\/riozaoil.hr\/hr\/wp-json\/wp\/v2\/product\/2996"}],"collection":[{"href":"https:\/\/riozaoil.hr\/hr\/wp-json\/wp\/v2\/product"}],"about":[{"href":"https:\/\/riozaoil.hr\/hr\/wp-json\/wp\/v2\/types\/product"}],"wp:featuredmedia":[{"embeddable":true,"href":"https:\/\/riozaoil.hr\/hr\/wp-json\/wp\/v2\/media\/3262"}],"wp:attachment":[{"href":"https:\/\/riozaoil.hr\/hr\/wp-json\/wp\/v2\/media?parent=2996"}],"curies":[{"name":"wp","href":"https:\/\/api.w.org\/{rel}","templated":true}]}}