{"id":2995,"date":"2020-12-14T19:25:40","date_gmt":"2021-01-24T19:33:41","guid":{"rendered":"https:\/\/riozaoil.hr\/product\/cuvee-rioza-05-l\/"},"modified":"2021-02-16T16:57:27","modified_gmt":"2021-02-16T16:57:27","slug":"cuvee-rioza-05-l","status":"publish","type":"product","link":"https:\/\/riozaoil.hr\/hr\/product\/cuvee-rioza-05-l\/","title":{"rendered":"Cuvee Rio\u017ea 0,5 L"},"content":{"rendered":"<p>[vc_row][vc_column width=&#8221;1\/6&#8243;][\/vc_column][vc_column width=&#8221;2\/3&#8243;][vc_column_text text_larger=&#8221;no&#8221;]<\/p>\n<ul>\n<li>Vi\u0161esortno maslinovo ulje visoke kakvo\u0107e dobiveno izravno iz ploda masline isklju\u010divo mehani\u010dkim postupcima odmah nakon berbe<\/li>\n<li><strong>Sorte maslina:<\/strong> Pore\u010dka rosulja, Leccino, Frantoio, Pendolino, Maurino, Istarska bjelica<\/li>\n<li><strong>Podru\u010dje uzgoja: <\/strong>Musale\u017e,\u00a0Picugi, Pore\u010d Istra<\/li>\n<li><strong>Rok trajanja:<\/strong> Najmanje 24 mjeseca od datuma proizvodnje<\/li>\n<li>\u010cuvati na mjestu udaljenom od svijetlosti i topline<\/li>\n<li>Najbolje je \u010duvati na temperaturi od 15 do 18 Celzijevih stupnjeva u originalnom pakiranju<\/li>\n<\/ul>\n<p>[\/vc_column_text][\/vc_column][vc_column width=&#8221;1\/6&#8243;][\/vc_column][\/vc_row]<\/p>\n","protected":false},"excerpt":{"rendered":"<p>Vi\u0161esortno maslinovo ulje dobiveno od sorata: Pore\u010dka rosulja, Leccino, Frantoio, Pendolino, Maurino, Istarska bjelica.<br \/>\nIzra\u017eenog vo\u0107nog okusa mirisom i okusom poko\u0161ene trave, jabuke i badema.<br \/>\nUmjerene gor\u010dine i pikantnosti.<\/p>\n","protected":false},"featured_media":3278,"template":"","meta":[],"yoast_head":"<!-- This site is optimized with the Yoast SEO Premium plugin v16.0.1 - https:\/\/yoast.com\/wordpress\/plugins\/seo\/ -->\n<title>Cuvee Rio\u017ea 0,5 L - Rio\u017ea<\/title>\n<meta name=\"robots\" content=\"index, follow, max-snippet:-1, max-image-preview:large, max-video-preview:-1\" \/>\n<link rel=\"canonical\" href=\"https:\/\/riozaoil.hr\/hr\/product\/cuvee-rioza-05-l\/\" \/>\n<meta property=\"og:locale\" content=\"hr_HR\" \/>\n<meta property=\"og:type\" content=\"article\" \/>\n<meta property=\"og:title\" content=\"Cuvee Rio\u017ea 0,5 L - Rio\u017ea\" \/>\n<meta property=\"og:description\" content=\"Vi\u0161esortno maslinovo ulje dobiveno od sorata: Pore\u010dka rosulja, Leccino, Frantoio, Pendolino, Maurino, Istarska bjelica. Izra\u017eenog vo\u0107nog okusa mirisom i okusom poko\u0161ene trave, jabuke i badema. Umjerene gor\u010dine i pikantnosti.\" \/>\n<meta property=\"og:url\" content=\"https:\/\/riozaoil.hr\/hr\/product\/cuvee-rioza-05-l\/\" \/>\n<meta property=\"og:site_name\" content=\"Rio\u017ea\" \/>\n<meta property=\"article:modified_time\" content=\"2021-02-16T16:57:27+00:00\" \/>\n<meta property=\"og:image\" content=\"https:\/\/riozaoil.hr\/wp-content\/uploads\/2020\/12\/810_5248.jpg\" \/>\n\t<meta property=\"og:image:width\" content=\"700\" \/>\n\t<meta property=\"og:image:height\" content=\"700\" \/>\n<meta name=\"twitter:card\" content=\"summary_large_image\" \/>\n<script type=\"application\/ld+json\" class=\"yoast-schema-graph\">{\"@context\":\"https:\/\/schema.org\",\"@graph\":[{\"@type\":\"WebSite\",\"@id\":\"https:\/\/riozaoil.hr\/#website\",\"url\":\"https:\/\/riozaoil.hr\/\",\"name\":\"Rio\\u017ea\",\"description\":\"Ulje\",\"potentialAction\":[{\"@type\":\"SearchAction\",\"target\":\"https:\/\/riozaoil.hr\/?s={search_term_string}\",\"query-input\":\"required name=search_term_string\"}],\"inLanguage\":\"hr\"},{\"@type\":\"ImageObject\",\"@id\":\"https:\/\/riozaoil.hr\/hr\/product\/cuvee-rioza-05-l\/#primaryimage\",\"inLanguage\":\"hr\",\"url\":\"https:\/\/riozaoil.hr\/wp-content\/uploads\/2020\/12\/tran-810_5248.png\",\"width\":700,\"height\":700},{\"@type\":\"WebPage\",\"@id\":\"https:\/\/riozaoil.hr\/hr\/product\/cuvee-rioza-05-l\/#webpage\",\"url\":\"https:\/\/riozaoil.hr\/hr\/product\/cuvee-rioza-05-l\/\",\"name\":\"Cuvee Rio\\u017ea 0,5 L - Rio\\u017ea\",\"isPartOf\":{\"@id\":\"https:\/\/riozaoil.hr\/#website\"},\"primaryImageOfPage\":{\"@id\":\"https:\/\/riozaoil.hr\/hr\/product\/cuvee-rioza-05-l\/#primaryimage\"},\"datePublished\":\"2021-01-24T19:33:41+00:00\",\"dateModified\":\"2021-02-16T16:57:27+00:00\",\"breadcrumb\":{\"@id\":\"https:\/\/riozaoil.hr\/hr\/product\/cuvee-rioza-05-l\/#breadcrumb\"},\"inLanguage\":\"hr\",\"potentialAction\":[{\"@type\":\"ReadAction\",\"target\":[\"https:\/\/riozaoil.hr\/hr\/product\/cuvee-rioza-05-l\/\"]}]},{\"@type\":\"BreadcrumbList\",\"@id\":\"https:\/\/riozaoil.hr\/hr\/product\/cuvee-rioza-05-l\/#breadcrumb\",\"itemListElement\":[{\"@type\":\"ListItem\",\"position\":1,\"item\":{\"@type\":\"WebPage\",\"@id\":\"https:\/\/riozaoil.hr\/hr\/\",\"url\":\"https:\/\/riozaoil.hr\/hr\/\",\"name\":\"Home\"}},{\"@type\":\"ListItem\",\"position\":2,\"item\":{\"@type\":\"WebPage\",\"@id\":\"https:\/\/riozaoil.hr\/hr\/trgovina\/\",\"url\":\"https:\/\/riozaoil.hr\/hr\/trgovina\/\",\"name\":\"Trgovina\"}},{\"@type\":\"ListItem\",\"position\":3,\"item\":{\"@type\":\"WebPage\",\"@id\":\"https:\/\/riozaoil.hr\/hr\/product\/cuvee-rioza-05-l\/\",\"url\":\"https:\/\/riozaoil.hr\/hr\/product\/cuvee-rioza-05-l\/\",\"name\":\"Cuvee Rio\\u017ea 0,5 L\"}}]}]}<\/script>\n<!-- \/ Yoast SEO Premium plugin. -->","_links":{"self":[{"href":"https:\/\/riozaoil.hr\/hr\/wp-json\/wp\/v2\/product\/2995"}],"collection":[{"href":"https:\/\/riozaoil.hr\/hr\/wp-json\/wp\/v2\/product"}],"about":[{"href":"https:\/\/riozaoil.hr\/hr\/wp-json\/wp\/v2\/types\/product"}],"wp:featuredmedia":[{"embeddable":true,"href":"https:\/\/riozaoil.hr\/hr\/wp-json\/wp\/v2\/media\/3278"}],"wp:attachment":[{"href":"https:\/\/riozaoil.hr\/hr\/wp-json\/wp\/v2\/media?parent=2995"}],"curies":[{"name":"wp","href":"https:\/\/api.w.org\/{rel}","templated":true}]}}