{"id":2986,"date":"2020-12-14T20:41:49","date_gmt":"2020-12-14T20:41:49","guid":{"rendered":"https:\/\/riozaoil.hr\/product\/istrian-white-rioza-025-l\/"},"modified":"2023-03-09T18:55:24","modified_gmt":"2023-03-09T18:55:24","slug":"istarska-bjelica-rioza-025-l","status":"publish","type":"product","link":"https:\/\/riozaoil.hr\/hr\/product\/istarska-bjelica-rioza-025-l\/","title":{"rendered":"Istarska Bjelica Rio\u017ea 0,25 L"},"content":{"rendered":"<p>[vc_row][vc_column width=&#8221;1\/6&#8243;][\/vc_column][vc_column width=&#8221;2\/3&#8243;][vc_column_text text_larger=&#8221;no&#8221;]<\/p>\n<ul>\n<li>Monosortno maslinovo ulje visoke kakvo\u0107e dobiveno izravno iz ploda masline isklju\u010divo mehani\u010dkim postupcima odmah nakon berbe<\/li>\n<li><strong>Sorta maslina:<\/strong> Istarska bjelica<\/li>\n<li><strong>Podru\u010dje uzgoja:<\/strong>\u00a0Picugi, Pore\u010d Istra<\/li>\n<li><strong>Rok trajanja:<\/strong> Najmanje 24 mjeseca od datuma proizvodnje<\/li>\n<li>\u010cuvati na mjestu udaljenom od svijetlosti i topline<\/li>\n<li>Najbolje je \u010duvati na temperaturi od 15 do 18 Celzijevih stupnjeva u originalnom pakiranju<\/li>\n<\/ul>\n<p>[\/vc_column_text][\/vc_column][vc_column width=&#8221;1\/6&#8243;][\/vc_column][\/vc_row]<\/p>\n","protected":false},"excerpt":{"rendered":"<p>Autohtona Istarska sorta.<br \/>\nMaslinovo ulje izrazito visoke kakvo\u0107e sa okusom zelene masline, pelina i divljih \u0161paruga.<br \/>\nVrlo sna\u017ene gor\u010dine i umjerene pikantnosti.<\/p>\n","protected":false},"featured_media":3256,"template":"","meta":[],"yoast_head":"<!-- This site is optimized with the Yoast SEO Premium plugin v16.0.1 - https:\/\/yoast.com\/wordpress\/plugins\/seo\/ -->\n<title>Istarska Bjelica Rio\u017ea 0,25 L - Rio\u017ea<\/title>\n<meta name=\"robots\" content=\"index, follow, max-snippet:-1, max-image-preview:large, max-video-preview:-1\" \/>\n<link rel=\"canonical\" href=\"https:\/\/riozaoil.hr\/hr\/product\/istarska-bjelica-rioza-025-l\/\" \/>\n<meta property=\"og:locale\" content=\"hr_HR\" \/>\n<meta property=\"og:type\" content=\"article\" \/>\n<meta property=\"og:title\" content=\"Istarska Bjelica Rio\u017ea 0,25 L - Rio\u017ea\" \/>\n<meta property=\"og:description\" content=\"Autohtona Istarska sorta. Maslinovo ulje izrazito visoke kakvo\u0107e sa okusom zelene masline, pelina i divljih \u0161paruga. Vrlo sna\u017ene gor\u010dine i umjerene pikantnosti.\" \/>\n<meta property=\"og:url\" content=\"https:\/\/riozaoil.hr\/hr\/product\/istarska-bjelica-rioza-025-l\/\" \/>\n<meta property=\"og:site_name\" content=\"Rio\u017ea\" \/>\n<meta property=\"article:modified_time\" content=\"2023-03-09T18:55:24+00:00\" \/>\n<meta property=\"og:image\" content=\"https:\/\/riozaoil.hr\/wp-content\/uploads\/2020\/12\/tran-810_5253-2.png\" \/>\n\t<meta property=\"og:image:width\" content=\"700\" \/>\n\t<meta property=\"og:image:height\" content=\"700\" \/>\n<meta name=\"twitter:card\" content=\"summary_large_image\" \/>\n<script type=\"application\/ld+json\" class=\"yoast-schema-graph\">{\"@context\":\"https:\/\/schema.org\",\"@graph\":[{\"@type\":\"WebSite\",\"@id\":\"https:\/\/riozaoil.hr\/#website\",\"url\":\"https:\/\/riozaoil.hr\/\",\"name\":\"Rio\\u017ea\",\"description\":\"Ulje\",\"potentialAction\":[{\"@type\":\"SearchAction\",\"target\":\"https:\/\/riozaoil.hr\/?s={search_term_string}\",\"query-input\":\"required name=search_term_string\"}],\"inLanguage\":\"hr\"},{\"@type\":\"ImageObject\",\"@id\":\"https:\/\/riozaoil.hr\/hr\/product\/istarska-bjelica-rioza-025-l\/#primaryimage\",\"inLanguage\":\"hr\",\"url\":\"https:\/\/riozaoil.hr\/wp-content\/uploads\/2020\/12\/tran-810_5253-2.png\",\"width\":700,\"height\":700},{\"@type\":\"WebPage\",\"@id\":\"https:\/\/riozaoil.hr\/hr\/product\/istarska-bjelica-rioza-025-l\/#webpage\",\"url\":\"https:\/\/riozaoil.hr\/hr\/product\/istarska-bjelica-rioza-025-l\/\",\"name\":\"Istarska Bjelica Rio\\u017ea 0,25 L - Rio\\u017ea\",\"isPartOf\":{\"@id\":\"https:\/\/riozaoil.hr\/#website\"},\"primaryImageOfPage\":{\"@id\":\"https:\/\/riozaoil.hr\/hr\/product\/istarska-bjelica-rioza-025-l\/#primaryimage\"},\"datePublished\":\"2020-12-14T20:41:49+00:00\",\"dateModified\":\"2023-03-09T18:55:24+00:00\",\"breadcrumb\":{\"@id\":\"https:\/\/riozaoil.hr\/hr\/product\/istarska-bjelica-rioza-025-l\/#breadcrumb\"},\"inLanguage\":\"hr\",\"potentialAction\":[{\"@type\":\"ReadAction\",\"target\":[\"https:\/\/riozaoil.hr\/hr\/product\/istarska-bjelica-rioza-025-l\/\"]}]},{\"@type\":\"BreadcrumbList\",\"@id\":\"https:\/\/riozaoil.hr\/hr\/product\/istarska-bjelica-rioza-025-l\/#breadcrumb\",\"itemListElement\":[{\"@type\":\"ListItem\",\"position\":1,\"item\":{\"@type\":\"WebPage\",\"@id\":\"https:\/\/riozaoil.hr\/hr\/\",\"url\":\"https:\/\/riozaoil.hr\/hr\/\",\"name\":\"Home\"}},{\"@type\":\"ListItem\",\"position\":2,\"item\":{\"@type\":\"WebPage\",\"@id\":\"https:\/\/riozaoil.hr\/hr\/trgovina\/\",\"url\":\"https:\/\/riozaoil.hr\/hr\/trgovina\/\",\"name\":\"Trgovina\"}},{\"@type\":\"ListItem\",\"position\":3,\"item\":{\"@type\":\"WebPage\",\"@id\":\"https:\/\/riozaoil.hr\/hr\/product\/istarska-bjelica-rioza-025-l\/\",\"url\":\"https:\/\/riozaoil.hr\/hr\/product\/istarska-bjelica-rioza-025-l\/\",\"name\":\"Istarska Bjelica Rio\\u017ea 0,25 L\"}}]}]}<\/script>\n<!-- \/ Yoast SEO Premium plugin. -->","_links":{"self":[{"href":"https:\/\/riozaoil.hr\/hr\/wp-json\/wp\/v2\/product\/2986"}],"collection":[{"href":"https:\/\/riozaoil.hr\/hr\/wp-json\/wp\/v2\/product"}],"about":[{"href":"https:\/\/riozaoil.hr\/hr\/wp-json\/wp\/v2\/types\/product"}],"wp:featuredmedia":[{"embeddable":true,"href":"https:\/\/riozaoil.hr\/hr\/wp-json\/wp\/v2\/media\/3256"}],"wp:attachment":[{"href":"https:\/\/riozaoil.hr\/hr\/wp-json\/wp\/v2\/media?parent=2986"}],"curies":[{"name":"wp","href":"https:\/\/api.w.org\/{rel}","templated":true}]}}