{"id":3040,"date":"2021-01-24T20:44:54","date_gmt":"2021-01-24T20:44:54","guid":{"rendered":"https:\/\/riozaoil.hr\/teroir\/"},"modified":"2021-04-29T15:30:38","modified_gmt":"2021-04-29T15:30:38","slug":"teroir","status":"publish","type":"page","link":"https:\/\/riozaoil.hr\/hr\/teroir\/","title":{"rendered":"Teroir"},"content":{"rendered":"<p>[vc_row full_width=&#8221;stretch_row&#8221; content_placement=&#8221;middle&#8221; woodmart_bg_position=&#8221;left-center&#8221; row_reverse_mobile=&#8221;1&#8243; row_reverse_tablet=&#8221;1&#8243; css=&#8221;.vc_custom_1611520886321{margin-bottom: 4vh !important;padding-top: 100px !important;background-image: url(url({{mage1?id=) !important;}&#8221; el_class=&#8221;tablet-bg-img-hidden&#8221; mobile_bg_img_hidden=&#8221;no&#8221; tablet_bg_img_hidden=&#8221;no&#8221; woodmart_parallax=&#8221;0&#8243; woodmart_gradient_switch=&#8221;no&#8221; woodmart_disable_overflow=&#8221;0&#8243;][vc_column css=&#8221;.vc_custom_1546690140001{margin-bottom: 4vh !important;padding-top: 0px !important;}&#8221; offset=&#8221;vc_col-lg-6 vc_col-md-6&#8243; mobile_bg_img_hidden=&#8221;no&#8221; woodmart_parallax=&#8221;0&#8243; woodmart_sticky_column=&#8221;false&#8221; parallax_scroll=&#8221;no&#8221; mobile_reset_margin=&#8221;no&#8221; tablet_reset_margin=&#8221;no&#8221;]\t\t\n\t\t<div id=\"wd-602c007b554aa\" class=\"title-wrapper  woodmart-title-color-default woodmart-title-style-default woodmart-title-width-90 text-left woodmart-title-size-custom vc_custom_1613496498734\">\n\t\t\t\t\t\t\n\t\t\t<div class=\"liner-continer\">\n\t\t\t\t<span class=\"left-line\"><\/span>\n\t\t\t\t<h4 class=\"woodmart-title-container title  woodmart-font-weight-\" >Teroir<\/h4>\t\t\t\t\t\t\t\t<span class=\"right-line\"><\/span>\n\t\t\t<\/div>\n\t\t\t\n\t\t\t\t\t\t\t<div class=\"title-after_title\">Na\u0161i maslinici se nalaze nadomak Pore\u010da, u blizini mora na Istarskoj crvenoj zemlji bogatom kalcijom, \u017eeljezom i mineralima u laganoj zavjetrini od bre\u017euljka Picugi na idealnoj su pozicji da dobijemo vrhunska maslinova ulja.<\/div>\n\t\t\t\t\t\t\n\t\t\t\t\t<\/div>\n\t\t\n\t\t<div id=\"wd-600ddd6b6acc6\" class=\"woodmart-button-wrapper text-center inline-element\"><a href=\"https:\/\/riozaoil.hr\/hr\/shop\/\" title=\"\" class=\"btn btn-scheme-light btn-scheme-hover-light btn-style-default btn-shape-rectangle btn-size-default\">Shop<\/a><\/div>[\/vc_column][vc_column css=&#8221;.vc_custom_1534927788088{margin-bottom: 4vh !important;padding-top: 0px !important;}&#8221; offset=&#8221;vc_col-lg-6 vc_col-md-6&#8243;][vc_column_text text_larger=&#8221;no&#8221;]<\/p>\n<p style=\"text-align: center;\"><iframe title=\"YouTube video player\" src=\"https:\/\/www.youtube.com\/embed\/noQm6t-mxjE\" width=\"600\" height=\"560\" frameborder=\"0\" allowfullscreen=\"allowfullscreen\"><span data-mce-type=\"bookmark\" style=\"display: inline-block; width: 0px; overflow: hidden; line-height: 0;\" class=\"mce_SELRES_start\">\ufeff<\/span><\/iframe><\/p>\n<p>[\/vc_column_text][\/vc_column][\/vc_row]<\/p>\n","protected":false},"excerpt":{"rendered":"<p>[vc_row full_width=&#8221;stretch_row&#8221; content_placement=&#8221;middle&#8221; woodmart_bg_position=&#8221;left-center&#8221; row_reverse_mobile=&#8221;1&#8243; row_reverse_tablet=&#8221;1&#8243; css=&#8221;.vc_custom_1611520886321{margin-bottom: 4vh !important;padding-top: 100px !important;background-image: url(url({{mage1?id=) !important;}&#8221; el_class=&#8221;tablet-bg-img-hidden&#8221; mobile_bg_img_hidden=&#8221;no&#8221; tablet_bg_img_hidden=&#8221;no&#8221; woodmart_parallax=&#8221;0&#8243; woodmart_gradient_switch=&#8221;no&#8221; woodmart_disable_overflow=&#8221;0&#8243;][vc_column css=&#8221;.vc_custom_1546690140001{margin-bottom:<\/p>\n","protected":false},"author":1,"featured_media":0,"parent":0,"menu_order":0,"comment_status":"closed","ping_status":"closed","template":"","meta":[],"yoast_head":"<!-- This site is optimized with the Yoast SEO Premium plugin v16.0.1 - https:\/\/yoast.com\/wordpress\/plugins\/seo\/ -->\n<title>Teroir - Rio\u017ea<\/title>\n<meta name=\"robots\" content=\"index, follow, max-snippet:-1, max-image-preview:large, max-video-preview:-1\" \/>\n<link rel=\"canonical\" href=\"https:\/\/riozaoil.hr\/hr\/teroir\/\" \/>\n<meta property=\"og:locale\" content=\"hr_HR\" \/>\n<meta property=\"og:type\" content=\"article\" \/>\n<meta property=\"og:title\" content=\"Teroir - Rio\u017ea\" \/>\n<meta property=\"og:description\" content=\"[vc_row full_width=&#8221;stretch_row&#8221; content_placement=&#8221;middle&#8221; woodmart_bg_position=&#8221;left-center&#8221; row_reverse_mobile=&#8221;1&#8243; row_reverse_tablet=&#8221;1&#8243; css=&#8221;.vc_custom_1611520886321{margin-bottom: 4vh !important;padding-top: 100px !important;background-image: url(url({{mage1?id=) !important;}&#8221; el_class=&#8221;tablet-bg-img-hidden&#8221; mobile_bg_img_hidden=&#8221;no&#8221; tablet_bg_img_hidden=&#8221;no&#8221; woodmart_parallax=&#8221;0&#8243; woodmart_gradient_switch=&#8221;no&#8221; woodmart_disable_overflow=&#8221;0&#8243;][vc_column css=&#8221;.vc_custom_1546690140001{margin-bottom:\" \/>\n<meta property=\"og:url\" content=\"https:\/\/riozaoil.hr\/hr\/teroir\/\" \/>\n<meta property=\"og:site_name\" content=\"Rio\u017ea\" \/>\n<meta property=\"article:modified_time\" content=\"2021-04-29T15:30:38+00:00\" \/>\n<meta name=\"twitter:card\" content=\"summary_large_image\" \/>\n<meta name=\"twitter:label1\" content=\"Procijenjeno vrijeme \u010ditanja\">\n\t<meta name=\"twitter:data1\" content=\"1 minuta\">\n<script type=\"application\/ld+json\" class=\"yoast-schema-graph\">{\"@context\":\"https:\/\/schema.org\",\"@graph\":[{\"@type\":\"WebSite\",\"@id\":\"https:\/\/riozaoil.hr\/#website\",\"url\":\"https:\/\/riozaoil.hr\/\",\"name\":\"Rio\\u017ea\",\"description\":\"Ulje\",\"potentialAction\":[{\"@type\":\"SearchAction\",\"target\":\"https:\/\/riozaoil.hr\/?s={search_term_string}\",\"query-input\":\"required name=search_term_string\"}],\"inLanguage\":\"hr\"},{\"@type\":\"WebPage\",\"@id\":\"https:\/\/riozaoil.hr\/hr\/teroir\/#webpage\",\"url\":\"https:\/\/riozaoil.hr\/hr\/teroir\/\",\"name\":\"Teroir - Rio\\u017ea\",\"isPartOf\":{\"@id\":\"https:\/\/riozaoil.hr\/#website\"},\"datePublished\":\"2021-01-24T20:44:54+00:00\",\"dateModified\":\"2021-04-29T15:30:38+00:00\",\"breadcrumb\":{\"@id\":\"https:\/\/riozaoil.hr\/hr\/teroir\/#breadcrumb\"},\"inLanguage\":\"hr\",\"potentialAction\":[{\"@type\":\"ReadAction\",\"target\":[\"https:\/\/riozaoil.hr\/hr\/teroir\/\"]}]},{\"@type\":\"BreadcrumbList\",\"@id\":\"https:\/\/riozaoil.hr\/hr\/teroir\/#breadcrumb\",\"itemListElement\":[{\"@type\":\"ListItem\",\"position\":1,\"item\":{\"@type\":\"WebPage\",\"@id\":\"https:\/\/riozaoil.hr\/hr\/\",\"url\":\"https:\/\/riozaoil.hr\/hr\/\",\"name\":\"Home\"}},{\"@type\":\"ListItem\",\"position\":2,\"item\":{\"@type\":\"WebPage\",\"@id\":\"https:\/\/riozaoil.hr\/hr\/teroir\/\",\"url\":\"https:\/\/riozaoil.hr\/hr\/teroir\/\",\"name\":\"Teroir\"}}]}]}<\/script>\n<!-- \/ Yoast SEO Premium plugin. -->","_links":{"self":[{"href":"https:\/\/riozaoil.hr\/hr\/wp-json\/wp\/v2\/pages\/3040"}],"collection":[{"href":"https:\/\/riozaoil.hr\/hr\/wp-json\/wp\/v2\/pages"}],"about":[{"href":"https:\/\/riozaoil.hr\/hr\/wp-json\/wp\/v2\/types\/page"}],"author":[{"embeddable":true,"href":"https:\/\/riozaoil.hr\/hr\/wp-json\/wp\/v2\/users\/1"}],"replies":[{"embeddable":true,"href":"https:\/\/riozaoil.hr\/hr\/wp-json\/wp\/v2\/comments?post=3040"}],"version-history":[{"count":19,"href":"https:\/\/riozaoil.hr\/hr\/wp-json\/wp\/v2\/pages\/3040\/revisions"}],"predecessor-version":[{"id":3220,"href":"https:\/\/riozaoil.hr\/hr\/wp-json\/wp\/v2\/pages\/3040\/revisions\/3220"}],"wp:attachment":[{"href":"https:\/\/riozaoil.hr\/hr\/wp-json\/wp\/v2\/media?parent=3040"}],"curies":[{"name":"wp","href":"https:\/\/api.w.org\/{rel}","templated":true}]}}